{"id":127,"date":"2018-08-22T22:03:01","date_gmt":"2018-08-22T22:03:01","guid":{"rendered":"http:\/\/www.fotos-tanvald.cz\/?page_id=127"},"modified":"2022-08-22T03:16:51","modified_gmt":"2022-08-22T03:16:51","slug":"nabidka-sluzeb-ramovani-obrazku-fotografii-grafik-vysivek-na-zakazku","status":"publish","type":"page","link":"https:\/\/www.fotos-tanvald.cz\/index.php\/nabidka-sluzeb-ramovani-obrazku-fotografii-grafik-vysivek-na-zakazku\/","title":{"rendered":"R\u00e1mov\u00e1n\u00ed obr\u00e1zk\u016f"},"content":{"rendered":"<h1><strong>Nab\u00eddka slu\u017eeb r\u00e1mov\u00e1n\u00ed obr\u00e1zk\u016f, fotografi\u00ed, grafik, v\u00fd\u0161ivek na zak\u00e1zku.<\/strong><\/h1>\n<div class=\"uvodnik\"><span class=\"uvodnik-in\">V\u00e1\u017een\u00ed z\u00e1kaznici zajist\u00edme V\u00e1m zar\u00e1mov\u00e1n\u00ed obr\u00e1zk\u016f, fotografi\u00ed, v\u00fd\u0161ivek, obraz\u016f, grafik.<br \/>\n<\/span><\/div>\n<div class=\"uvodnik\"><span class=\"uvodnik-in\">Vybrat si m\u016f\u017eete z mnoha vzor\u016f a barev obrazov\u00fdch li\u0161t.<br \/>\nTerm\u00edn zhotoven\u00ed je u standartn\u00edch zak\u00e1zek do 1 t\u00fddne.<\/span><\/div>\n<div class=\"formated-text\">\n<div>&nbsp;<\/div>\n<div class=\"t-center\">Pro Va\u0161i p\u0159edstavu, V\u00e1m zde p\u0159edstavujeme vzory r\u00e1m\u016f z kter\u00fdch je mo\u017en\u00e9 zar\u00e1movat Va\u0161i fotografi\u00ed, grafiku, vy\u0161\u00edv\u00e1n\u00ed, atd.<\/div>\n<div class=\"t-center\">P\u0159\u00edrodn\u00ed druhy r\u00e1m\u016f (smrk, dub, buk, borovice) je mo\u017en\u00e9 mo\u0159it a lakovat dle p\u0159\u00e1n\u00ed, vzhledem k tomu, \u017ee se jedn\u00e1 o p\u0159\u00edrodn\u00ed d\u0159evo jsou mo\u017en\u00e9 barevn\u00e9 odchylky.<\/div>\n<div class=\"t-center\">V\u017edy je pot\u0159eba nav\u0161t\u00edvit na\u0161i prodejnu a vybrat si ze vzorkovn\u00edku r\u00e1m\u016f<\/div>\n<div>\n<figure id=\"attachment_253\" aria-describedby=\"caption-attachment-253\" style=\"width: 859px\" class=\"wp-caption alignnone\"><img loading=\"lazy\" class=\" wp-image-253\" src=\"https:\/\/www.fotos-tanvald.cz\/wp-content\/uploads\/2018\/08\/R\u00e1mov\u00e1n\u00ed-obr\u00e1zk\u016f-_P\u0159\u00edrodn\u00ed-li\u0161ta_DSCF0889.jpg\" alt=\"\" width=\"859\" height=\"591\" srcset=\"https:\/\/www.fotos-tanvald.cz\/wp-content\/uploads\/2018\/08\/R\u00e1mov\u00e1n\u00ed-obr\u00e1zk\u016f-_P\u0159\u00edrodn\u00ed-li\u0161ta_DSCF0889.jpg 3327w, https:\/\/www.fotos-tanvald.cz\/wp-content\/uploads\/2018\/08\/R\u00e1mov\u00e1n\u00ed-obr\u00e1zk\u016f-_P\u0159\u00edrodn\u00ed-li\u0161ta_DSCF0889-300x206.jpg 300w, https:\/\/www.fotos-tanvald.cz\/wp-content\/uploads\/2018\/08\/R\u00e1mov\u00e1n\u00ed-obr\u00e1zk\u016f-_P\u0159\u00edrodn\u00ed-li\u0161ta_DSCF0889-768x529.jpg 768w, https:\/\/www.fotos-tanvald.cz\/wp-content\/uploads\/2018\/08\/R\u00e1mov\u00e1n\u00ed-obr\u00e1zk\u016f-_P\u0159\u00edrodn\u00ed-li\u0161ta_DSCF0889-1024x705.jpg 1024w\" sizes=\"(max-width: 767px) 89vw, (max-width: 1000px) 54vw, (max-width: 1071px) 543px, 580px\" \/><figcaption id=\"caption-attachment-253\" class=\"wp-caption-text\">R\u00e1mov\u00e1n\u00ed obr\u00e1zk\u016f z p\u0159\u00edrodn\u00ed li\u0161tou z tvrd\u00e9ho d\u0159eva<\/figcaption><\/figure>\n<\/div>\n<figure id=\"attachment_254\" aria-describedby=\"caption-attachment-254\" style=\"width: 3342px\" class=\"wp-caption alignnone\"><img loading=\"lazy\" class=\"size-full wp-image-254\" src=\"https:\/\/www.fotos-tanvald.cz\/wp-content\/uploads\/2018\/08\/R\u00e1mov\u00e1n\u00ed-obr\u00e1zk\u016f-_DSCF0891.jpg\" alt=\"\" width=\"3342\" height=\"2228\" srcset=\"https:\/\/www.fotos-tanvald.cz\/wp-content\/uploads\/2018\/08\/R\u00e1mov\u00e1n\u00ed-obr\u00e1zk\u016f-_DSCF0891.jpg 3342w, https:\/\/www.fotos-tanvald.cz\/wp-content\/uploads\/2018\/08\/R\u00e1mov\u00e1n\u00ed-obr\u00e1zk\u016f-_DSCF0891-300x200.jpg 300w, https:\/\/www.fotos-tanvald.cz\/wp-content\/uploads\/2018\/08\/R\u00e1mov\u00e1n\u00ed-obr\u00e1zk\u016f-_DSCF0891-768x512.jpg 768w, https:\/\/www.fotos-tanvald.cz\/wp-content\/uploads\/2018\/08\/R\u00e1mov\u00e1n\u00ed-obr\u00e1zk\u016f-_DSCF0891-1024x683.jpg 1024w\" sizes=\"(max-width: 767px) 89vw, (max-width: 1000px) 54vw, (max-width: 1071px) 543px, 580px\" \/><figcaption id=\"caption-attachment-254\" class=\"wp-caption-text\">Klasick\u00e1 d\u0159ev\u011bn\u00e1 li\u0161ta mo\u0159en\u00e1 dle vybran\u00e9ho vzorku r\u00e1mu.<\/figcaption><\/figure>\n<div class=\"image-center\">&nbsp;<\/div>\n<\/div>\n","protected":false},"excerpt":{"rendered":"<p>Nab\u00eddka slu\u017eeb r\u00e1mov\u00e1n\u00ed obr\u00e1zk\u016f, fotografi\u00ed, grafik, v\u00fd\u0161ivek na zak\u00e1zku. V\u00e1\u017een\u00ed z\u00e1kaznici zajist\u00edme V\u00e1m zar\u00e1mov\u00e1n\u00ed obr\u00e1zk\u016f, fotografi\u00ed, v\u00fd\u0161ivek, obraz\u016f, grafik. Vybrat si m\u016f\u017eete z mnoha vzor\u016f a barev obrazov\u00fdch li\u0161t. Term\u00edn zhotoven\u00ed je u standartn\u00edch zak\u00e1zek do 1 t\u00fddne. &nbsp; Pro Va\u0161i p\u0159edstavu, V\u00e1m zde p\u0159edstavujeme vzory r\u00e1m\u016f z kter\u00fdch je mo\u017en\u00e9 zar\u00e1movat Va\u0161i fotografi\u00ed, grafiku, &hellip; <\/p>\n<p class=\"link-more\"><a href=\"https:\/\/www.fotos-tanvald.cz\/index.php\/nabidka-sluzeb-ramovani-obrazku-fotografii-grafik-vysivek-na-zakazku\/\" class=\"more-link\">Pokra\u010dovat ve \u010dten\u00ed<span class=\"screen-reader-text\"> &#8222;R\u00e1mov\u00e1n\u00ed obr\u00e1zk\u016f&#8220;<\/span><\/a><\/p>\n","protected":false},"author":1,"featured_media":0,"parent":0,"menu_order":0,"comment_status":"closed","ping_status":"closed","template":"","meta":{"ngg_post_thumbnail":0},"_links":{"self":[{"href":"https:\/\/www.fotos-tanvald.cz\/index.php\/wp-json\/wp\/v2\/pages\/127"}],"collection":[{"href":"https:\/\/www.fotos-tanvald.cz\/index.php\/wp-json\/wp\/v2\/pages"}],"about":[{"href":"https:\/\/www.fotos-tanvald.cz\/index.php\/wp-json\/wp\/v2\/types\/page"}],"author":[{"embeddable":true,"href":"https:\/\/www.fotos-tanvald.cz\/index.php\/wp-json\/wp\/v2\/users\/1"}],"replies":[{"embeddable":true,"href":"https:\/\/www.fotos-tanvald.cz\/index.php\/wp-json\/wp\/v2\/comments?post=127"}],"version-history":[{"count":6,"href":"https:\/\/www.fotos-tanvald.cz\/index.php\/wp-json\/wp\/v2\/pages\/127\/revisions"}],"predecessor-version":[{"id":1585,"href":"https:\/\/www.fotos-tanvald.cz\/index.php\/wp-json\/wp\/v2\/pages\/127\/revisions\/1585"}],"wp:attachment":[{"href":"https:\/\/www.fotos-tanvald.cz\/index.php\/wp-json\/wp\/v2\/media?parent=127"}],"curies":[{"name":"wp","href":"https:\/\/api.w.org\/{rel}","templated":true}]}}