{"id":398,"date":"2019-05-04T19:10:41","date_gmt":"2019-05-04T19:10:41","guid":{"rendered":"http:\/\/www.fotos-tanvald.cz\/?page_id=398"},"modified":"2022-10-06T19:19:16","modified_gmt":"2022-10-06T19:19:16","slug":"fotogalerie-z-akci","status":"publish","type":"page","link":"https:\/\/www.fotos-tanvald.cz\/index.php\/fotogalerie-z-akci\/","title":{"rendered":"Fotogalerie od fotografa Martina Jakoubka"},"content":{"rendered":"\n<p class=\"has-very-dark-gray-color has-very-light-gray-background-color has-text-color has-background\"><em><strong>V\u00e1\u017een\u00ed p\u0159\u00e1tele na tomto m\u00edst\u011b m\u016f\u017eete zhl\u00e9dnout fotografie od Martina Jakoubka. <\/strong><\/em><\/p>\n\n\n\n<p>V p\u0159\u00edpad\u011b, \u017ee V\u00e1s zaj\u00edm\u00e1 moje pr\u00e1ce, napi\u0161te zpr\u00e1vu: fotos.tanvald@volny.cz<\/p>\n\n\n\n<p>Telefon: 728845125<\/p>\n","protected":false},"excerpt":{"rendered":"<p>V\u00e1\u017een\u00ed p\u0159\u00e1tele na tomto m\u00edst\u011b m\u016f\u017eete zhl\u00e9dnout fotografie od Martina Jakoubka. V p\u0159\u00edpad\u011b, \u017ee V\u00e1s zaj\u00edm\u00e1 moje pr\u00e1ce, napi\u0161te zpr\u00e1vu: fotos.tanvald@volny.cz Telefon: 728845125<\/p>\n","protected":false},"author":1,"featured_media":0,"parent":0,"menu_order":0,"comment_status":"closed","ping_status":"closed","template":"","meta":{"ngg_post_thumbnail":0},"_links":{"self":[{"href":"https:\/\/www.fotos-tanvald.cz\/index.php\/wp-json\/wp\/v2\/pages\/398"}],"collection":[{"href":"https:\/\/www.fotos-tanvald.cz\/index.php\/wp-json\/wp\/v2\/pages"}],"about":[{"href":"https:\/\/www.fotos-tanvald.cz\/index.php\/wp-json\/wp\/v2\/types\/page"}],"author":[{"embeddable":true,"href":"https:\/\/www.fotos-tanvald.cz\/index.php\/wp-json\/wp\/v2\/users\/1"}],"replies":[{"embeddable":true,"href":"https:\/\/www.fotos-tanvald.cz\/index.php\/wp-json\/wp\/v2\/comments?post=398"}],"version-history":[{"count":7,"href":"https:\/\/www.fotos-tanvald.cz\/index.php\/wp-json\/wp\/v2\/pages\/398\/revisions"}],"predecessor-version":[{"id":1648,"href":"https:\/\/www.fotos-tanvald.cz\/index.php\/wp-json\/wp\/v2\/pages\/398\/revisions\/1648"}],"wp:attachment":[{"href":"https:\/\/www.fotos-tanvald.cz\/index.php\/wp-json\/wp\/v2\/media?parent=398"}],"curies":[{"name":"wp","href":"https:\/\/api.w.org\/{rel}","templated":true}]}}