{"id":69,"date":"2018-08-14T22:01:43","date_gmt":"2018-08-14T22:01:43","guid":{"rendered":"http:\/\/www.fotos-tanvald.cz\/?page_id=69"},"modified":"2022-08-22T03:23:24","modified_gmt":"2022-08-22T03:23:24","slug":"fotoatelier","status":"publish","type":"page","link":"https:\/\/www.fotos-tanvald.cz\/index.php\/fotoatelier\/","title":{"rendered":"Fotografov\u00e1n\u00ed v na\u0161em fotoateli\u00e9ru."},"content":{"rendered":"<p style=\"text-align: left;\"><strong>Klasikou<\/strong> v na\u0161i nab\u00eddce je tvorba&nbsp;<strong>portr\u00e9t\u016f pro pr\u016fkazovou fotografii<\/strong>, kter\u00e1 je st\u00e1le pot\u0159eba do r\u016fzn\u00fdch pr\u016fkaz\u016f ( profesn\u00ed, zbrojn\u00ed, ztp, \u0161koln\u00ed, sport, doprava, atd.). Cena slu\u017eby od 195 K\u010d.<\/p>\n<p style=\"text-align: left;\"><strong>Profesn\u00ed portr\u00e9t<\/strong> slou\u017e\u00ed pro Va\u0161i prezentaci v zam\u011bstn\u00e1n\u00ed nebo podnik\u00e1n\u00ed a pokud se n\u00e1m spole\u010dn\u011b poda\u0159\u00ed,&nbsp; jste o krok nap\u0159ed. Cena slu\u017eby&nbsp;od 290 K\u010d.<\/p>\n<p style=\"text-align: left;\"><strong>Klasick\u00e1 portr\u00e9tn\u00ed fotografie pro<\/strong> V\u00e1s a Va\u0161e bl\u00edzk\u00e9. &nbsp;Cena slu\u017eby&nbsp;od 490 K\u010d.<\/p>\n<p style=\"text-align: left;\"><strong>Rodinn\u00e1 skupinov\u00e9 fotografie. <\/strong>&nbsp;Prost\u011b se rodina sejde v na\u0161em fotoateli\u00e9ru. Kr\u00e1sn\u00e1 vzpom\u00ednka nebo d\u00e1rek pro Va\u0161e bl\u00edzk\u00e9.&nbsp; Sourozenci, d\u011bti, p\u0159\u00e1tel\u00e9, snoubenci. Cena slu\u017eby&nbsp;od 590 K\u010d.<\/p>\n<p style=\"text-align: left;\"><strong>Retro fotoateli\u00e9r.&nbsp;<\/strong>Kouzlo historie ve fotografii. Pro d\u011bti i dosp\u011bl\u00e9. P\u0159ij\u010fte v jednoduch\u00e9m stylu nejlepe si obl\u00e9kn\u011bte jednobarevn\u00e9 ko\u0161ile, haleny nebo star\u00e9 oble\u010den\u00ed. M\u00e1me stylov\u00e9 rekvizity, star\u00e9 ko\u010d\u00e1rky, ply\u0161ov\u00e9 medv\u011bdy, star\u00e9 kufry, prout\u011bn\u00e9 ko\u0161e. Cena slu\u017eby&nbsp;od 790 K\u010d.<\/p>\n<p style=\"text-align: left;\">V r\u00e1mci fotografov\u00e1n\u00ed vznikne s\u00e9rie z\u00e1b\u011br\u016f pro V\u00e1\u0161 v\u00fdb\u011br. Vybran\u00e9 sn\u00edmky se uprav\u00ed a jsou V\u00e1m k dispozici v digit\u00e1ln\u00ed podob\u011b. Mo\u017enost p\u0159ed\u00e1n\u00ed &#8211; nahr\u00e1n\u00ed dat na USB disk nebo na CD. Nej\u010dast\u011bji zhotovujeme k n\u00e1hledu fotografie. Z vybran\u00fdch fotografi\u00ed lze zhotovit obraz na fotopl\u00e1tn\u011b.<\/p>\n<p><em><strong>Fotografov\u00e1n\u00ed v na\u0161em fotoateli\u00e9ru na Va\u0161e p\u0159\u00e1n\u00ed po domluv\u011b<\/strong> s fotografem na telefonu 728 845 125 &#8211; Martin Jakoubek.<\/em><\/p>\n\n\n<figure class=\"wp-container-2 wp-block-gallery-1 wp-block-gallery aligncenter has-nested-images columns-4\">\n<figure class=\"wp-block-image\"><img loading=\"lazy\" width=\"709\" height=\"1024\" data-id=\"1061\"  src=\"https:\/\/www.fotos-tanvald.cz\/wp-content\/uploads\/2020\/07\/1skup8a-709x1024.jpg\" alt=\"\" class=\"wp-image-1061\" srcset=\"https:\/\/www.fotos-tanvald.cz\/wp-content\/uploads\/2020\/07\/1skup8a-709x1024.jpg 709w, https:\/\/www.fotos-tanvald.cz\/wp-content\/uploads\/2020\/07\/1skup8a-104x150.jpg 104w, https:\/\/www.fotos-tanvald.cz\/wp-content\/uploads\/2020\/07\/1skup8a-208x300.jpg 208w, https:\/\/www.fotos-tanvald.cz\/wp-content\/uploads\/2020\/07\/1skup8a-768x1109.jpg 768w, https:\/\/www.fotos-tanvald.cz\/wp-content\/uploads\/2020\/07\/1skup8a.jpg 1468w\" sizes=\"(max-width: 709px) 100vw, 709px\" \/><\/figure>\n\n\n\n<figure class=\"wp-block-image\"><img loading=\"lazy\" width=\"200\" height=\"139\" data-id=\"1060\"  src=\"https:\/\/www.fotos-tanvald.cz\/wp-content\/uploads\/2020\/07\/1skup8-e1594820610202.jpg\" alt=\"\" class=\"wp-image-1060\"\/><\/figure>\n\n\n\n<figure class=\"wp-block-image\"><img loading=\"lazy\" width=\"683\" height=\"1024\" data-id=\"1059\"  src=\"https:\/\/www.fotos-tanvald.cz\/wp-content\/uploads\/2020\/07\/1skup8-H302210-683x1024.jpg\" alt=\"\" class=\"wp-image-1059\"\/><\/figure>\n\n\n\n<figure class=\"wp-block-image\"><img loading=\"lazy\" width=\"1024\" height=\"683\" data-id=\"1058\"  src=\"https:\/\/www.fotos-tanvald.cz\/wp-content\/uploads\/2020\/07\/1skup7b-1024x683.jpg\" alt=\"\" class=\"wp-image-1058\"\/><\/figure>\n\n\n\n<figure class=\"wp-block-image\"><img loading=\"lazy\" width=\"250\" height=\"167\" data-id=\"1057\"  src=\"https:\/\/www.fotos-tanvald.cz\/wp-content\/uploads\/2020\/07\/1skup7-40x60_mat_CH302146r-e1594820714466.jpg\" alt=\"\" class=\"wp-image-1057\"\/><\/figure>\n\n\n\n<figure class=\"wp-block-image\"><img loading=\"lazy\" width=\"1024\" height=\"709\" data-id=\"1056\"  src=\"https:\/\/www.fotos-tanvald.cz\/wp-content\/uploads\/2020\/07\/1skup6-1024x709.jpg\" alt=\"\" class=\"wp-image-1056\"\/><\/figure>\n\n\n\n<figure class=\"wp-block-image\"><img loading=\"lazy\" width=\"1024\" height=\"683\" data-id=\"1055\"  src=\"https:\/\/www.fotos-tanvald.cz\/wp-content\/uploads\/2020\/07\/1skup3a-1024x683.jpg\" alt=\"\" class=\"wp-image-1055\"\/><\/figure>\n\n\n\n<figure class=\"wp-block-image\"><img loading=\"lazy\" width=\"1024\" height=\"709\" data-id=\"1054\"  src=\"https:\/\/www.fotos-tanvald.cz\/wp-content\/uploads\/2020\/07\/1skup3-1024x709.jpg\" alt=\"\" class=\"wp-image-1054\"\/><\/figure>\n\n\n\n<figure class=\"wp-block-image\"><img loading=\"lazy\" width=\"150\" height=\"217\" data-id=\"1053\"  src=\"https:\/\/www.fotos-tanvald.cz\/wp-content\/uploads\/2020\/07\/1skup2a-0-e1594820824597.jpg\" alt=\"\" class=\"wp-image-1053\"\/><\/figure>\n\n\n\n<figure class=\"wp-block-image\"><img loading=\"lazy\" width=\"1024\" height=\"683\" data-id=\"1052\"  src=\"https:\/\/www.fotos-tanvald.cz\/wp-content\/uploads\/2020\/07\/1skup2-1F_DSCF0145-1024x683.jpg\" alt=\"\" class=\"wp-image-1052\"\/><\/figure>\n\n\n\n<figure class=\"wp-block-image\"><img loading=\"lazy\" width=\"1024\" height=\"683\" data-id=\"1051\"  src=\"https:\/\/www.fotos-tanvald.cz\/wp-content\/uploads\/2020\/07\/1sk1-1024x683.jpg\" alt=\"\" class=\"wp-image-1051\"\/><\/figure>\n\n\n\n<figure class=\"wp-block-image\"><img loading=\"lazy\" width=\"1024\" height=\"683\" data-id=\"1042\"  src=\"https:\/\/www.fotos-tanvald.cz\/wp-content\/uploads\/2020\/07\/1det9-DSCF0827-1024x683.jpg\" alt=\"\" class=\"wp-image-1042\"\/><\/figure>\n\n\n\n<figure class=\"wp-block-image\"><img loading=\"lazy\" width=\"1024\" height=\"683\" data-id=\"1041\"  src=\"https:\/\/www.fotos-tanvald.cz\/wp-content\/uploads\/2020\/07\/1det9-DSCF0820-1024x683.jpg\" alt=\"\" class=\"wp-image-1041\"\/><\/figure>\n\n\n\n<figure class=\"wp-block-image\"><img loading=\"lazy\" width=\"1024\" height=\"683\" data-id=\"1040\"  src=\"https:\/\/www.fotos-tanvald.cz\/wp-content\/uploads\/2020\/07\/1det8-DSCF0821-1024x683.jpg\" alt=\"\" class=\"wp-image-1040\" srcset=\"https:\/\/www.fotos-tanvald.cz\/wp-content\/uploads\/2020\/07\/1det8-DSCF0821-1024x683.jpg 1024w, https:\/\/www.fotos-tanvald.cz\/wp-content\/uploads\/2020\/07\/1det8-DSCF0821-150x100.jpg 150w, https:\/\/www.fotos-tanvald.cz\/wp-content\/uploads\/2020\/07\/1det8-DSCF0821-300x200.jpg 300w, https:\/\/www.fotos-tanvald.cz\/wp-content\/uploads\/2020\/07\/1det8-DSCF0821-768x512.jpg 768w\" sizes=\"(max-width: 767px) 89vw, (max-width: 1000px) 54vw, (max-width: 1071px) 543px, 580px\" \/><\/figure>\n\n\n\n<figure class=\"wp-block-image\"><img loading=\"lazy\" width=\"1024\" height=\"683\" data-id=\"1039\"  src=\"https:\/\/www.fotos-tanvald.cz\/wp-content\/uploads\/2020\/07\/1det8-DSCF0816-1024x683.jpg\" alt=\"\" class=\"wp-image-1039\" srcset=\"https:\/\/www.fotos-tanvald.cz\/wp-content\/uploads\/2020\/07\/1det8-DSCF0816-1024x683.jpg 1024w, https:\/\/www.fotos-tanvald.cz\/wp-content\/uploads\/2020\/07\/1det8-DSCF0816-150x100.jpg 150w, https:\/\/www.fotos-tanvald.cz\/wp-content\/uploads\/2020\/07\/1det8-DSCF0816-300x200.jpg 300w, https:\/\/www.fotos-tanvald.cz\/wp-content\/uploads\/2020\/07\/1det8-DSCF0816-768x512.jpg 768w\" sizes=\"(max-width: 767px) 89vw, (max-width: 1000px) 54vw, (max-width: 1071px) 543px, 580px\" \/><\/figure>\n\n\n\n<figure class=\"wp-block-image\"><img loading=\"lazy\" width=\"1024\" height=\"683\" data-id=\"1038\"  src=\"https:\/\/www.fotos-tanvald.cz\/wp-content\/uploads\/2020\/07\/1det7-10_DSCF0695-1024x683.jpg\" alt=\"\" class=\"wp-image-1038\" srcset=\"https:\/\/www.fotos-tanvald.cz\/wp-content\/uploads\/2020\/07\/1det7-10_DSCF0695-1024x683.jpg 1024w, https:\/\/www.fotos-tanvald.cz\/wp-content\/uploads\/2020\/07\/1det7-10_DSCF0695-150x100.jpg 150w, https:\/\/www.fotos-tanvald.cz\/wp-content\/uploads\/2020\/07\/1det7-10_DSCF0695-300x200.jpg 300w, https:\/\/www.fotos-tanvald.cz\/wp-content\/uploads\/2020\/07\/1det7-10_DSCF0695-768x512.jpg 768w\" sizes=\"(max-width: 767px) 89vw, (max-width: 1000px) 54vw, (max-width: 1071px) 543px, 580px\" \/><\/figure>\n\n\n\n<figure class=\"wp-block-image\"><img loading=\"lazy\" width=\"1024\" height=\"683\" data-id=\"1037\"  src=\"https:\/\/www.fotos-tanvald.cz\/wp-content\/uploads\/2020\/07\/1det6DSCF0837-1024x683.jpg\" alt=\"\" class=\"wp-image-1037\" srcset=\"https:\/\/www.fotos-tanvald.cz\/wp-content\/uploads\/2020\/07\/1det6DSCF0837-1024x683.jpg 1024w, https:\/\/www.fotos-tanvald.cz\/wp-content\/uploads\/2020\/07\/1det6DSCF0837-150x100.jpg 150w, https:\/\/www.fotos-tanvald.cz\/wp-content\/uploads\/2020\/07\/1det6DSCF0837-300x200.jpg 300w, https:\/\/www.fotos-tanvald.cz\/wp-content\/uploads\/2020\/07\/1det6DSCF0837-768x512.jpg 768w\" sizes=\"(max-width: 767px) 89vw, (max-width: 1000px) 54vw, (max-width: 1071px) 543px, 580px\" \/><\/figure>\n\n\n\n<figure class=\"wp-block-image\"><img loading=\"lazy\" width=\"1024\" height=\"683\" data-id=\"1036\"  src=\"https:\/\/www.fotos-tanvald.cz\/wp-content\/uploads\/2020\/07\/1det6-10_DSCF0694-1024x683.jpg\" alt=\"\" class=\"wp-image-1036\" srcset=\"https:\/\/www.fotos-tanvald.cz\/wp-content\/uploads\/2020\/07\/1det6-10_DSCF0694-1024x683.jpg 1024w, https:\/\/www.fotos-tanvald.cz\/wp-content\/uploads\/2020\/07\/1det6-10_DSCF0694-150x100.jpg 150w, https:\/\/www.fotos-tanvald.cz\/wp-content\/uploads\/2020\/07\/1det6-10_DSCF0694-300x200.jpg 300w, https:\/\/www.fotos-tanvald.cz\/wp-content\/uploads\/2020\/07\/1det6-10_DSCF0694-768x512.jpg 768w\" sizes=\"(max-width: 767px) 89vw, (max-width: 1000px) 54vw, (max-width: 1071px) 543px, 580px\" \/><\/figure>\n\n\n\n<figure class=\"wp-block-image\"><img loading=\"lazy\" width=\"1024\" height=\"683\" data-id=\"1035\"  src=\"https:\/\/www.fotos-tanvald.cz\/wp-content\/uploads\/2020\/07\/1det5-DSCF0832-1024x683.jpg\" alt=\"\" class=\"wp-image-1035\" srcset=\"https:\/\/www.fotos-tanvald.cz\/wp-content\/uploads\/2020\/07\/1det5-DSCF0832-1024x683.jpg 1024w, https:\/\/www.fotos-tanvald.cz\/wp-content\/uploads\/2020\/07\/1det5-DSCF0832-150x100.jpg 150w, https:\/\/www.fotos-tanvald.cz\/wp-content\/uploads\/2020\/07\/1det5-DSCF0832-300x200.jpg 300w, https:\/\/www.fotos-tanvald.cz\/wp-content\/uploads\/2020\/07\/1det5-DSCF0832-768x512.jpg 768w\" sizes=\"(max-width: 767px) 89vw, (max-width: 1000px) 54vw, (max-width: 1071px) 543px, 580px\" \/><\/figure>\n\n\n\n<figure class=\"wp-block-image\"><img loading=\"lazy\" width=\"1024\" height=\"683\" data-id=\"1034\"  src=\"https:\/\/www.fotos-tanvald.cz\/wp-content\/uploads\/2020\/07\/1det5-10_DSCF0692-1024x683.jpg\" alt=\"\" class=\"wp-image-1034\" srcset=\"https:\/\/www.fotos-tanvald.cz\/wp-content\/uploads\/2020\/07\/1det5-10_DSCF0692-1024x683.jpg 1024w, https:\/\/www.fotos-tanvald.cz\/wp-content\/uploads\/2020\/07\/1det5-10_DSCF0692-150x100.jpg 150w, https:\/\/www.fotos-tanvald.cz\/wp-content\/uploads\/2020\/07\/1det5-10_DSCF0692-300x200.jpg 300w, https:\/\/www.fotos-tanvald.cz\/wp-content\/uploads\/2020\/07\/1det5-10_DSCF0692-768x512.jpg 768w\" sizes=\"(max-width: 767px) 89vw, (max-width: 1000px) 54vw, (max-width: 1071px) 543px, 580px\" \/><\/figure>\n\n\n\n<figure class=\"wp-block-image\"><img loading=\"lazy\" width=\"1024\" height=\"683\" data-id=\"1033\"  src=\"https:\/\/www.fotos-tanvald.cz\/wp-content\/uploads\/2020\/07\/1det5-10_15_DSCF0693-1024x683.jpg\" alt=\"\" class=\"wp-image-1033\" srcset=\"https:\/\/www.fotos-tanvald.cz\/wp-content\/uploads\/2020\/07\/1det5-10_15_DSCF0693-1024x683.jpg 1024w, https:\/\/www.fotos-tanvald.cz\/wp-content\/uploads\/2020\/07\/1det5-10_15_DSCF0693-150x100.jpg 150w, https:\/\/www.fotos-tanvald.cz\/wp-content\/uploads\/2020\/07\/1det5-10_15_DSCF0693-300x200.jpg 300w, https:\/\/www.fotos-tanvald.cz\/wp-content\/uploads\/2020\/07\/1det5-10_15_DSCF0693-768x512.jpg 768w\" sizes=\"(max-width: 767px) 89vw, (max-width: 1000px) 54vw, (max-width: 1071px) 543px, 580px\" \/><\/figure>\n\n\n\n<figure class=\"wp-block-image\"><img loading=\"lazy\" width=\"1024\" height=\"683\" data-id=\"1032\"  src=\"https:\/\/www.fotos-tanvald.cz\/wp-content\/uploads\/2020\/07\/1det5-1F_DSCF0129-1024x683.jpg\" alt=\"\" class=\"wp-image-1032\"\/><\/figure>\n\n\n\n<figure class=\"wp-block-image\"><img loading=\"lazy\" width=\"1024\" height=\"683\" data-id=\"1031\"  src=\"https:\/\/www.fotos-tanvald.cz\/wp-content\/uploads\/2020\/07\/1det4-w-1024x683.jpg\" alt=\"\" class=\"wp-image-1031\" srcset=\"https:\/\/www.fotos-tanvald.cz\/wp-content\/uploads\/2020\/07\/1det4-w-1024x683.jpg 1024w, https:\/\/www.fotos-tanvald.cz\/wp-content\/uploads\/2020\/07\/1det4-w-150x100.jpg 150w, https:\/\/www.fotos-tanvald.cz\/wp-content\/uploads\/2020\/07\/1det4-w-300x200.jpg 300w, https:\/\/www.fotos-tanvald.cz\/wp-content\/uploads\/2020\/07\/1det4-w-768x512.jpg 768w\" sizes=\"(max-width: 767px) 89vw, (max-width: 1000px) 54vw, (max-width: 1071px) 543px, 580px\" \/><\/figure>\n\n\n\n<figure class=\"wp-block-image\"><img loading=\"lazy\" width=\"1024\" height=\"683\" data-id=\"1030\"  src=\"https:\/\/www.fotos-tanvald.cz\/wp-content\/uploads\/2020\/07\/1det4--1024x683.jpg\" alt=\"\" class=\"wp-image-1030\"\/><\/figure>\n\n\n\n<figure class=\"wp-block-image\"><img loading=\"lazy\" width=\"1024\" height=\"683\" data-id=\"1029\"  src=\"https:\/\/www.fotos-tanvald.cz\/wp-content\/uploads\/2020\/07\/1det2c-1024x683.jpg\" alt=\"\" class=\"wp-image-1029\" srcset=\"https:\/\/www.fotos-tanvald.cz\/wp-content\/uploads\/2020\/07\/1det2c-1024x683.jpg 1024w, https:\/\/www.fotos-tanvald.cz\/wp-content\/uploads\/2020\/07\/1det2c-150x100.jpg 150w, https:\/\/www.fotos-tanvald.cz\/wp-content\/uploads\/2020\/07\/1det2c-300x200.jpg 300w, https:\/\/www.fotos-tanvald.cz\/wp-content\/uploads\/2020\/07\/1det2c-768x512.jpg 768w\" sizes=\"(max-width: 767px) 89vw, (max-width: 1000px) 54vw, (max-width: 1071px) 543px, 580px\" \/><\/figure>\n\n\n\n<figure class=\"wp-block-image\"><img loading=\"lazy\" width=\"1024\" height=\"683\" data-id=\"1028\"  src=\"https:\/\/www.fotos-tanvald.cz\/wp-content\/uploads\/2020\/07\/1det2-1024x683.jpg\" alt=\"\" class=\"wp-image-1028\"\/><\/figure>\n\n\n\n<figure class=\"wp-block-image\"><img loading=\"lazy\" width=\"1024\" height=\"683\" data-id=\"1027\"  src=\"https:\/\/www.fotos-tanvald.cz\/wp-content\/uploads\/2020\/07\/1det1-1024x683.jpg\" alt=\"\" class=\"wp-image-1027\"\/><\/figure>\n<\/figure>\n\n\n\n<p><\/p>\n","protected":false},"excerpt":{"rendered":"<p>Klasikou v na\u0161i nab\u00eddce je tvorba&nbsp;portr\u00e9t\u016f pro pr\u016fkazovou fotografii, kter\u00e1 je st\u00e1le pot\u0159eba do r\u016fzn\u00fdch pr\u016fkaz\u016f ( profesn\u00ed, zbrojn\u00ed, ztp, \u0161koln\u00ed, sport, doprava, atd.). Cena slu\u017eby od 195 K\u010d. Profesn\u00ed portr\u00e9t slou\u017e\u00ed pro Va\u0161i prezentaci v zam\u011bstn\u00e1n\u00ed nebo podnik\u00e1n\u00ed a pokud se n\u00e1m spole\u010dn\u011b poda\u0159\u00ed,&nbsp; jste o krok nap\u0159ed. Cena slu\u017eby&nbsp;od 290 K\u010d. Klasick\u00e1 portr\u00e9tn\u00ed &hellip; <\/p>\n<p class=\"link-more\"><a href=\"https:\/\/www.fotos-tanvald.cz\/index.php\/fotoatelier\/\" class=\"more-link\">Pokra\u010dovat ve \u010dten\u00ed<span class=\"screen-reader-text\"> &#8222;Fotografov\u00e1n\u00ed v na\u0161em fotoateli\u00e9ru.&#8220;<\/span><\/a><\/p>\n","protected":false},"author":1,"featured_media":102,"parent":0,"menu_order":1,"comment_status":"closed","ping_status":"closed","template":"","meta":{"ngg_post_thumbnail":0},"_links":{"self":[{"href":"https:\/\/www.fotos-tanvald.cz\/index.php\/wp-json\/wp\/v2\/pages\/69"}],"collection":[{"href":"https:\/\/www.fotos-tanvald.cz\/index.php\/wp-json\/wp\/v2\/pages"}],"about":[{"href":"https:\/\/www.fotos-tanvald.cz\/index.php\/wp-json\/wp\/v2\/types\/page"}],"author":[{"embeddable":true,"href":"https:\/\/www.fotos-tanvald.cz\/index.php\/wp-json\/wp\/v2\/users\/1"}],"replies":[{"embeddable":true,"href":"https:\/\/www.fotos-tanvald.cz\/index.php\/wp-json\/wp\/v2\/comments?post=69"}],"version-history":[{"count":25,"href":"https:\/\/www.fotos-tanvald.cz\/index.php\/wp-json\/wp\/v2\/pages\/69\/revisions"}],"predecessor-version":[{"id":1588,"href":"https:\/\/www.fotos-tanvald.cz\/index.php\/wp-json\/wp\/v2\/pages\/69\/revisions\/1588"}],"wp:featuredmedia":[{"embeddable":true,"href":"https:\/\/www.fotos-tanvald.cz\/index.php\/wp-json\/wp\/v2\/media\/102"}],"wp:attachment":[{"href":"https:\/\/www.fotos-tanvald.cz\/index.php\/wp-json\/wp\/v2\/media?parent=69"}],"curies":[{"name":"wp","href":"https:\/\/api.w.org\/{rel}","templated":true}]}}