{"id":826,"date":"2019-08-01T09:48:13","date_gmt":"2019-08-01T09:48:13","guid":{"rendered":"http:\/\/www.fotos-tanvald.cz\/?page_id=826"},"modified":"2019-08-01T09:56:39","modified_gmt":"2019-08-01T09:56:39","slug":"rozezni-se-zvon-kostela-sv-archandela-michaela-ve-smrzovce","status":"publish","type":"page","link":"https:\/\/www.fotos-tanvald.cz\/index.php\/rozezni-se-zvon-kostela-sv-archandela-michaela-ve-smrzovce\/","title":{"rendered":"Rozezn\u00ed se zvon kostela sv. Archand\u011bla Michaela ve Smr\u017eovce."},"content":{"rendered":"\n<p>Hlas zvonu kostela sv. Archand\u011bla Michaela. Kv\u011bten 2019<\/p>\n\n\n\n<figure class=\"wp-block-audio\"><audio controls src=\"https:\/\/www.fotos-tanvald.cz\/wp-content\/uploads\/2019\/06\/Zvon-Smr\u017eovka_MP3.mp3\" autoplay loop preload=\"auto\"><\/audio><figcaption>Hlas zvonu kostela sv. Archand\u011bla Michaela ve Smr\u017eovce. Kv\u011bten 2019<\/figcaption><\/figure>\n\n\n\n<ul class=\"wp-container-2 wp-block-gallery-1 wp-block-gallery columns-1\"><li class=\"blocks-gallery-item\"><figure><a href=\"https:\/\/www.fotos-tanvald.cz\/wp-content\/uploads\/2019\/06\/1_svMichael_Smr\u017eovka_CH248432-1024x873.jpg\"><img loading=\"lazy\" width=\"1024\" height=\"873\" src=\"https:\/\/www.fotos-tanvald.cz\/wp-content\/uploads\/2019\/06\/1_svMichael_Smr\u017eovka_CH248432-1024x873.jpg\" alt=\"\" data-id=\"829\" data-link=\"https:\/\/www.fotos-tanvald.cz\/?attachment_id=829\" class=\"wp-image-829\" srcset=\"https:\/\/www.fotos-tanvald.cz\/wp-content\/uploads\/2019\/06\/1_svMichael_Smr\u017eovka_CH248432-1024x873.jpg 1024w, https:\/\/www.fotos-tanvald.cz\/wp-content\/uploads\/2019\/06\/1_svMichael_Smr\u017eovka_CH248432-150x128.jpg 150w, https:\/\/www.fotos-tanvald.cz\/wp-content\/uploads\/2019\/06\/1_svMichael_Smr\u017eovka_CH248432-300x256.jpg 300w, https:\/\/www.fotos-tanvald.cz\/wp-content\/uploads\/2019\/06\/1_svMichael_Smr\u017eovka_CH248432-768x655.jpg 768w\" sizes=\"(max-width: 767px) 89vw, (max-width: 1000px) 54vw, (max-width: 1071px) 543px, 580px\" \/><\/a><\/figure><\/li><li class=\"blocks-gallery-item\"><figure><a href=\"https:\/\/www.fotos-tanvald.cz\/wp-content\/uploads\/2019\/06\/1_svMichael_Smr\u017eovka_CH2484125-1024x832.jpg\"><img loading=\"lazy\" width=\"1024\" height=\"832\" src=\"https:\/\/www.fotos-tanvald.cz\/wp-content\/uploads\/2019\/06\/1_svMichael_Smr\u017eovka_CH2484125-1024x832.jpg\" alt=\"\" data-id=\"830\" data-link=\"https:\/\/www.fotos-tanvald.cz\/?attachment_id=830\" class=\"wp-image-830\" srcset=\"https:\/\/www.fotos-tanvald.cz\/wp-content\/uploads\/2019\/06\/1_svMichael_Smr\u017eovka_CH2484125-1024x832.jpg 1024w, https:\/\/www.fotos-tanvald.cz\/wp-content\/uploads\/2019\/06\/1_svMichael_Smr\u017eovka_CH2484125-150x122.jpg 150w, https:\/\/www.fotos-tanvald.cz\/wp-content\/uploads\/2019\/06\/1_svMichael_Smr\u017eovka_CH2484125-300x244.jpg 300w, https:\/\/www.fotos-tanvald.cz\/wp-content\/uploads\/2019\/06\/1_svMichael_Smr\u017eovka_CH2484125-768x624.jpg 768w\" sizes=\"(max-width: 767px) 89vw, (max-width: 1000px) 54vw, (max-width: 1071px) 543px, 580px\" \/><\/a><\/figure><\/li><\/ul>\n\n\n\n<p><em>Zvukov\u00fd z\u00e1znam zvonu a internetov\u00e1 prezentace byly po\u0159\u00edzeny v r\u00e1mci na\u0161eho dobrovolnick\u00e9ho hnut\u00ed na podporu rozvoje kulturn\u00edho a sportovn\u00edho d\u011bn\u00ed v na\u0161em okol\u00ed. <\/em><\/p>\n\n\n\n<p>V p\u0159\u00edpad\u011b, \u017ee m\u00e1te z\u00e1jem o na\u0161e slu\u017eby kontaktujte n\u00e1s:  <a href=\"https:\/\/www.fotos-tanvald.cz\/index.php\/o-nasi-firme\/\">https:\/\/www.fotos-tanvald.cz\/index.php\/o-nasi-firme\/<\/a><\/p>\n\n\n<h1><!--EndFragment--><strong>ZP\u011aT NA STR\u00c1NKY NA\u0160EHO KOSTELA<\/strong><br \/><a href=\"https:\/\/kostel-smrzovka.webnode.cz\/\">https:\/\/kostel-smrzovka.webnode.cz\/<\/a><\/h1>","protected":false},"excerpt":{"rendered":"<p>Hlas zvonu kostela sv. Archand\u011bla Michaela. Kv\u011bten 2019 Zvukov\u00fd z\u00e1znam zvonu a internetov\u00e1 prezentace byly po\u0159\u00edzeny v r\u00e1mci na\u0161eho dobrovolnick\u00e9ho hnut\u00ed na podporu rozvoje kulturn\u00edho a sportovn\u00edho d\u011bn\u00ed v na\u0161em okol\u00ed. V p\u0159\u00edpad\u011b, \u017ee m\u00e1te z\u00e1jem o na\u0161e slu\u017eby kontaktujte n\u00e1s: https:\/\/www.fotos-tanvald.cz\/index.php\/o-nasi-firme\/ ZP\u011aT NA STR\u00c1NKY NA\u0160EHO KOSTELAhttps:\/\/kostel-smrzovka.webnode.cz\/<\/p>\n","protected":false},"author":1,"featured_media":0,"parent":0,"menu_order":0,"comment_status":"closed","ping_status":"closed","template":"","meta":{"ngg_post_thumbnail":0},"_links":{"self":[{"href":"https:\/\/www.fotos-tanvald.cz\/index.php\/wp-json\/wp\/v2\/pages\/826"}],"collection":[{"href":"https:\/\/www.fotos-tanvald.cz\/index.php\/wp-json\/wp\/v2\/pages"}],"about":[{"href":"https:\/\/www.fotos-tanvald.cz\/index.php\/wp-json\/wp\/v2\/types\/page"}],"author":[{"embeddable":true,"href":"https:\/\/www.fotos-tanvald.cz\/index.php\/wp-json\/wp\/v2\/users\/1"}],"replies":[{"embeddable":true,"href":"https:\/\/www.fotos-tanvald.cz\/index.php\/wp-json\/wp\/v2\/comments?post=826"}],"version-history":[{"count":5,"href":"https:\/\/www.fotos-tanvald.cz\/index.php\/wp-json\/wp\/v2\/pages\/826\/revisions"}],"predecessor-version":[{"id":851,"href":"https:\/\/www.fotos-tanvald.cz\/index.php\/wp-json\/wp\/v2\/pages\/826\/revisions\/851"}],"wp:attachment":[{"href":"https:\/\/www.fotos-tanvald.cz\/index.php\/wp-json\/wp\/v2\/media?parent=826"}],"curies":[{"name":"wp","href":"https:\/\/api.w.org\/{rel}","templated":true}]}}